{"id":7,"date":"2019-12-23T19:55:35","date_gmt":"2019-12-23T18:55:35","guid":{"rendered":"https:\/\/www.chaty-jedovnice.cz\/?page_id=7"},"modified":"2019-12-24T14:19:20","modified_gmt":"2019-12-24T13:19:20","slug":"o-nas","status":"publish","type":"page","link":"https:\/\/www.chaty-jedovnice.cz\/index.php\/o-nas\/","title":{"rendered":"O n\u00e1s"},"content":{"rendered":"\n<p>Chaty si pronaj\u00edm\u00e1te p\u0159\u00edmo od provozovatele, nikoliv od sprost\u0159edkovatele ani cestovn\u00ed agentury. <\/p>\n\n\n\n<p>Pronaj\u00edm\u00e1me tyto chaty ji\u017e 18-tou sezonu.<\/p>\n\n\n\n<figure class=\"wp-block-image size-large\"><img loading=\"lazy\" decoding=\"async\" width=\"831\" height=\"541\" src=\"https:\/\/www.chaty-jedovnice.cz\/wp-content\/uploads\/2019\/12\/JEDOVNICE.jpg\" alt=\"\" class=\"wp-image-168\" srcset=\"https:\/\/www.chaty-jedovnice.cz\/wp-content\/uploads\/2019\/12\/JEDOVNICE.jpg 831w, https:\/\/www.chaty-jedovnice.cz\/wp-content\/uploads\/2019\/12\/JEDOVNICE-300x195.jpg 300w, https:\/\/www.chaty-jedovnice.cz\/wp-content\/uploads\/2019\/12\/JEDOVNICE-768x500.jpg 768w\" sizes=\"(max-width: 831px) 100vw, 831px\" \/><\/figure>\n\n\n\n<p>mobil : 608 876 876<\/p>\n\n\n\n<p>mobil: 602 73 11 11<\/p>\n\n\n\n<p>pevn\u00e1 linka &#8211; kancel\u00e1\u0159 545230931<\/p>\n\n\n\n<p>S\u00eddlo kancel\u00e1\u0159e: Brno, 614 00 ,  Borky 35<\/p>\n\n\n\n<p>I\u010cO: 60750162<\/p>\n\n\n\n<figure class=\"wp-block-image size-large\"><img loading=\"lazy\" decoding=\"async\" width=\"1024\" height=\"397\" src=\"https:\/\/www.chaty-jedovnice.cz\/wp-content\/uploads\/2019\/12\/UbytovnaBrno-Logo-barevn\u00e9-PNG-1024x397.png\" alt=\"\" class=\"wp-image-163\" srcset=\"https:\/\/www.chaty-jedovnice.cz\/wp-content\/uploads\/2019\/12\/UbytovnaBrno-Logo-barevn\u00e9-PNG-1024x397.png 1024w, https:\/\/www.chaty-jedovnice.cz\/wp-content\/uploads\/2019\/12\/UbytovnaBrno-Logo-barevn\u00e9-PNG-300x116.png 300w, https:\/\/www.chaty-jedovnice.cz\/wp-content\/uploads\/2019\/12\/UbytovnaBrno-Logo-barevn\u00e9-PNG-768x298.png 768w, https:\/\/www.chaty-jedovnice.cz\/wp-content\/uploads\/2019\/12\/UbytovnaBrno-Logo-barevn\u00e9-PNG.png 1257w\" sizes=\"(max-width: 1024px) 100vw, 1024px\" \/><\/figure>\n","protected":false},"excerpt":{"rendered":"<p>Chaty si pronaj\u00edm\u00e1te p\u0159\u00edmo od provozovatele, nikoliv od sprost\u0159edkovatele ani cestovn\u00ed agentury. Pronaj\u00edm\u00e1me tyto chaty ji\u017e 18-tou sezonu. mobil : 608 876 876 mobil: 602 73 11 11 pevn\u00e1 linka &#8211; kancel\u00e1\u0159 545230931 S\u00eddlo kancel\u00e1\u0159e: Brno, 614 00 , Borky 35 I\u010cO: 60750162<\/p>\n","protected":false},"author":1,"featured_media":0,"parent":0,"menu_order":0,"comment_status":"closed","ping_status":"closed","template":"","meta":{"ngg_post_thumbnail":0,"footnotes":""},"yoast_head":"<!-- This site is optimized with the Yoast SEO plugin v22.8 - https:\/\/yoast.com\/wordpress\/plugins\/seo\/ -->\n<title>O n\u00e1s - chaty-jedovnice<\/title>\n<meta name=\"robots\" content=\"index, follow, max-snippet:-1, max-image-preview:large, max-video-preview:-1\" \/>\n<link rel=\"canonical\" href=\"https:\/\/www.chaty-jedovnice.cz\/index.php\/o-nas\/\" \/>\n<meta property=\"og:locale\" content=\"cs_CZ\" \/>\n<meta property=\"og:type\" content=\"article\" \/>\n<meta property=\"og:title\" content=\"O n\u00e1s - chaty-jedovnice\" \/>\n<meta property=\"og:description\" content=\"Chaty si pronaj\u00edm\u00e1te p\u0159\u00edmo od provozovatele, nikoliv od sprost\u0159edkovatele ani cestovn\u00ed agentury. Pronaj\u00edm\u00e1me tyto chaty ji\u017e 18-tou sezonu. mobil : 608 876 876 mobil: 602 73 11 11 pevn\u00e1 linka &#8211; kancel\u00e1\u0159 545230931 S\u00eddlo kancel\u00e1\u0159e: Brno, 614 00 , Borky 35 I\u010cO: 60750162\" \/>\n<meta property=\"og:url\" content=\"https:\/\/www.chaty-jedovnice.cz\/index.php\/o-nas\/\" \/>\n<meta property=\"og:site_name\" content=\"chaty-jedovnice\" \/>\n<meta property=\"article:modified_time\" content=\"2019-12-24T13:19:20+00:00\" \/>\n<meta property=\"og:image\" content=\"https:\/\/www.chaty-jedovnice.cz\/wp-content\/uploads\/2019\/12\/JEDOVNICE.jpg\" \/>\n<meta name=\"twitter:card\" content=\"summary_large_image\" \/>\n<script type=\"application\/ld+json\" class=\"yoast-schema-graph\">{\"@context\":\"https:\/\/schema.org\",\"@graph\":[{\"@type\":\"WebPage\",\"@id\":\"https:\/\/www.chaty-jedovnice.cz\/index.php\/o-nas\/\",\"url\":\"https:\/\/www.chaty-jedovnice.cz\/index.php\/o-nas\/\",\"name\":\"O n\u00e1s - chaty-jedovnice\",\"isPartOf\":{\"@id\":\"https:\/\/www.chaty-jedovnice.cz\/#website\"},\"primaryImageOfPage\":{\"@id\":\"https:\/\/www.chaty-jedovnice.cz\/index.php\/o-nas\/#primaryimage\"},\"image\":{\"@id\":\"https:\/\/www.chaty-jedovnice.cz\/index.php\/o-nas\/#primaryimage\"},\"thumbnailUrl\":\"https:\/\/www.chaty-jedovnice.cz\/wp-content\/uploads\/2019\/12\/JEDOVNICE.jpg\",\"datePublished\":\"2019-12-23T18:55:35+00:00\",\"dateModified\":\"2019-12-24T13:19:20+00:00\",\"breadcrumb\":{\"@id\":\"https:\/\/www.chaty-jedovnice.cz\/index.php\/o-nas\/#breadcrumb\"},\"inLanguage\":\"cs\",\"potentialAction\":[{\"@type\":\"ReadAction\",\"target\":[\"https:\/\/www.chaty-jedovnice.cz\/index.php\/o-nas\/\"]}]},{\"@type\":\"ImageObject\",\"inLanguage\":\"cs\",\"@id\":\"https:\/\/www.chaty-jedovnice.cz\/index.php\/o-nas\/#primaryimage\",\"url\":\"https:\/\/www.chaty-jedovnice.cz\/wp-content\/uploads\/2019\/12\/JEDOVNICE.jpg\",\"contentUrl\":\"https:\/\/www.chaty-jedovnice.cz\/wp-content\/uploads\/2019\/12\/JEDOVNICE.jpg\",\"width\":831,\"height\":541},{\"@type\":\"BreadcrumbList\",\"@id\":\"https:\/\/www.chaty-jedovnice.cz\/index.php\/o-nas\/#breadcrumb\",\"itemListElement\":[{\"@type\":\"ListItem\",\"position\":1,\"name\":\"Dom\u016f\",\"item\":\"https:\/\/www.chaty-jedovnice.cz\/\"},{\"@type\":\"ListItem\",\"position\":2,\"name\":\"O n\u00e1s\"}]},{\"@type\":\"WebSite\",\"@id\":\"https:\/\/www.chaty-jedovnice.cz\/#website\",\"url\":\"https:\/\/www.chaty-jedovnice.cz\/\",\"name\":\"chaty-jedovnice\",\"description\":\"Pron\u00e1jem chat jedovnice\",\"potentialAction\":[{\"@type\":\"SearchAction\",\"target\":{\"@type\":\"EntryPoint\",\"urlTemplate\":\"https:\/\/www.chaty-jedovnice.cz\/?s={search_term_string}\"},\"query-input\":\"required name=search_term_string\"}],\"inLanguage\":\"cs\"}]}<\/script>\n<!-- \/ Yoast SEO plugin. -->","yoast_head_json":{"title":"O n\u00e1s - chaty-jedovnice","robots":{"index":"index","follow":"follow","max-snippet":"max-snippet:-1","max-image-preview":"max-image-preview:large","max-video-preview":"max-video-preview:-1"},"canonical":"https:\/\/www.chaty-jedovnice.cz\/index.php\/o-nas\/","og_locale":"cs_CZ","og_type":"article","og_title":"O n\u00e1s - chaty-jedovnice","og_description":"Chaty si pronaj\u00edm\u00e1te p\u0159\u00edmo od provozovatele, nikoliv od sprost\u0159edkovatele ani cestovn\u00ed agentury. Pronaj\u00edm\u00e1me tyto chaty ji\u017e 18-tou sezonu. mobil : 608 876 876 mobil: 602 73 11 11 pevn\u00e1 linka &#8211; kancel\u00e1\u0159 545230931 S\u00eddlo kancel\u00e1\u0159e: Brno, 614 00 , Borky 35 I\u010cO: 60750162","og_url":"https:\/\/www.chaty-jedovnice.cz\/index.php\/o-nas\/","og_site_name":"chaty-jedovnice","article_modified_time":"2019-12-24T13:19:20+00:00","og_image":[{"url":"https:\/\/www.chaty-jedovnice.cz\/wp-content\/uploads\/2019\/12\/JEDOVNICE.jpg"}],"twitter_card":"summary_large_image","schema":{"@context":"https:\/\/schema.org","@graph":[{"@type":"WebPage","@id":"https:\/\/www.chaty-jedovnice.cz\/index.php\/o-nas\/","url":"https:\/\/www.chaty-jedovnice.cz\/index.php\/o-nas\/","name":"O n\u00e1s - chaty-jedovnice","isPartOf":{"@id":"https:\/\/www.chaty-jedovnice.cz\/#website"},"primaryImageOfPage":{"@id":"https:\/\/www.chaty-jedovnice.cz\/index.php\/o-nas\/#primaryimage"},"image":{"@id":"https:\/\/www.chaty-jedovnice.cz\/index.php\/o-nas\/#primaryimage"},"thumbnailUrl":"https:\/\/www.chaty-jedovnice.cz\/wp-content\/uploads\/2019\/12\/JEDOVNICE.jpg","datePublished":"2019-12-23T18:55:35+00:00","dateModified":"2019-12-24T13:19:20+00:00","breadcrumb":{"@id":"https:\/\/www.chaty-jedovnice.cz\/index.php\/o-nas\/#breadcrumb"},"inLanguage":"cs","potentialAction":[{"@type":"ReadAction","target":["https:\/\/www.chaty-jedovnice.cz\/index.php\/o-nas\/"]}]},{"@type":"ImageObject","inLanguage":"cs","@id":"https:\/\/www.chaty-jedovnice.cz\/index.php\/o-nas\/#primaryimage","url":"https:\/\/www.chaty-jedovnice.cz\/wp-content\/uploads\/2019\/12\/JEDOVNICE.jpg","contentUrl":"https:\/\/www.chaty-jedovnice.cz\/wp-content\/uploads\/2019\/12\/JEDOVNICE.jpg","width":831,"height":541},{"@type":"BreadcrumbList","@id":"https:\/\/www.chaty-jedovnice.cz\/index.php\/o-nas\/#breadcrumb","itemListElement":[{"@type":"ListItem","position":1,"name":"Dom\u016f","item":"https:\/\/www.chaty-jedovnice.cz\/"},{"@type":"ListItem","position":2,"name":"O n\u00e1s"}]},{"@type":"WebSite","@id":"https:\/\/www.chaty-jedovnice.cz\/#website","url":"https:\/\/www.chaty-jedovnice.cz\/","name":"chaty-jedovnice","description":"Pron\u00e1jem chat jedovnice","potentialAction":[{"@type":"SearchAction","target":{"@type":"EntryPoint","urlTemplate":"https:\/\/www.chaty-jedovnice.cz\/?s={search_term_string}"},"query-input":"required name=search_term_string"}],"inLanguage":"cs"}]}},"_links":{"self":[{"href":"https:\/\/www.chaty-jedovnice.cz\/index.php\/wp-json\/wp\/v2\/pages\/7"}],"collection":[{"href":"https:\/\/www.chaty-jedovnice.cz\/index.php\/wp-json\/wp\/v2\/pages"}],"about":[{"href":"https:\/\/www.chaty-jedovnice.cz\/index.php\/wp-json\/wp\/v2\/types\/page"}],"author":[{"embeddable":true,"href":"https:\/\/www.chaty-jedovnice.cz\/index.php\/wp-json\/wp\/v2\/users\/1"}],"replies":[{"embeddable":true,"href":"https:\/\/www.chaty-jedovnice.cz\/index.php\/wp-json\/wp\/v2\/comments?post=7"}],"version-history":[{"count":4,"href":"https:\/\/www.chaty-jedovnice.cz\/index.php\/wp-json\/wp\/v2\/pages\/7\/revisions"}],"predecessor-version":[{"id":178,"href":"https:\/\/www.chaty-jedovnice.cz\/index.php\/wp-json\/wp\/v2\/pages\/7\/revisions\/178"}],"wp:attachment":[{"href":"https:\/\/www.chaty-jedovnice.cz\/index.php\/wp-json\/wp\/v2\/media?parent=7"}],"curies":[{"name":"wp","href":"https:\/\/api.w.org\/{rel}","templated":true}]}}