{"id":6,"date":"2019-12-23T19:55:35","date_gmt":"2019-12-23T18:55:35","guid":{"rendered":"https:\/\/www.chaty-jedovnice.cz\/?page_id=6"},"modified":"2024-06-15T17:20:18","modified_gmt":"2024-06-15T15:20:18","slug":"otevira-se-nove-umoma-2","status":"publish","type":"page","link":"https:\/\/www.chaty-jedovnice.cz\/","title":{"rendered":"CHATY JEDOVNICE NA LETN\u00cd DOVOLENOU"},"content":{"rendered":"\n<div class=\"wp-block-group alignwide\"><div class=\"wp-block-group__inner-container is-layout-flow wp-block-group-is-layout-flow\">\n<h3 class=\"wp-block-heading has-text-align-center\">Nov\u011b zrekonstruovan\u00e1 chatov\u00e1 oblast Medv\u011bd\u00ed Osada, podl\u00ed\u017ee m\u011bsta, rybn\u00edka a ve\u0161ker\u00e1ho d\u011bn\u00ed, nab\u00edz\u00ed mo\u017enost levn\u00e9 letn\u00ed dovolen\u00e9 v \u010cR pro rodiny s d\u011btmi i se psem.<\/h3>\n<\/div><\/div>\n\n\n\n<div class=\"wp-block-columns alignwide is-layout-flex wp-container-core-columns-is-layout-1 wp-block-columns-is-layout-flex\">\n<div class=\"wp-block-column is-layout-flow wp-block-column-is-layout-flow\">\n<div class=\"wp-block-group\"><div class=\"wp-block-group__inner-container is-layout-flow wp-block-group-is-layout-flow\">\n<figure class=\"wp-block-image size-large\"><img loading=\"lazy\" decoding=\"async\" width=\"1024\" height=\"683\" src=\"https:\/\/www.chaty-jedovnice.cz\/wp-content\/uploads\/2024\/06\/Chata-Gryzzli-1-2024-Hl-1-1024x683.jpg\" alt=\"\" class=\"wp-image-189\" srcset=\"https:\/\/www.chaty-jedovnice.cz\/wp-content\/uploads\/2024\/06\/Chata-Gryzzli-1-2024-Hl-1-1024x683.jpg 1024w, https:\/\/www.chaty-jedovnice.cz\/wp-content\/uploads\/2024\/06\/Chata-Gryzzli-1-2024-Hl-1-300x200.jpg 300w, https:\/\/www.chaty-jedovnice.cz\/wp-content\/uploads\/2024\/06\/Chata-Gryzzli-1-2024-Hl-1-768x512.jpg 768w, https:\/\/www.chaty-jedovnice.cz\/wp-content\/uploads\/2024\/06\/Chata-Gryzzli-1-2024-Hl-1-1536x1024.jpg 1536w, https:\/\/www.chaty-jedovnice.cz\/wp-content\/uploads\/2024\/06\/Chata-Gryzzli-1-2024-Hl-1-2048x1365.jpg 2048w\" sizes=\"(max-width: 1024px) 100vw, 1024px\" \/><\/figure>\n\n\n\n<h3 class=\"wp-block-heading\">Chata Grizzly<\/h3>\n\n\n\n<blockquote class=\"wp-block-quote is-layout-flow wp-block-quote-is-layout-flow\">\n<p>Levn\u00e1 dovolen\u00e1 v \u010cR<\/p>\n\n\n\n<p><\/p>\n<\/blockquote>\n\n\n\n<div class=\"wp-block-button is-style-outline\"><a class=\"wp-block-button__link wp-element-button\" href=\"https:\/\/www.jedovnice.com\/pronajem-chaty\/medvedi-osada\/chata-grizly-1\/\">V\u00edce<\/a><\/div>\n<\/div><\/div>\n\n\n\n<div class=\"wp-block-group\"><div class=\"wp-block-group__inner-container is-layout-flow wp-block-group-is-layout-flow\">\n<figure class=\"wp-block-image alignfull size-large\"><img loading=\"lazy\" decoding=\"async\" width=\"1024\" height=\"683\" src=\"https:\/\/www.chaty-jedovnice.cz\/wp-content\/uploads\/2024\/06\/Chata-Koala-1-2024-Hl-1-1024x683.jpg\" alt=\"\" class=\"wp-image-192\" srcset=\"https:\/\/www.chaty-jedovnice.cz\/wp-content\/uploads\/2024\/06\/Chata-Koala-1-2024-Hl-1-1024x683.jpg 1024w, https:\/\/www.chaty-jedovnice.cz\/wp-content\/uploads\/2024\/06\/Chata-Koala-1-2024-Hl-1-300x200.jpg 300w, https:\/\/www.chaty-jedovnice.cz\/wp-content\/uploads\/2024\/06\/Chata-Koala-1-2024-Hl-1-768x512.jpg 768w, https:\/\/www.chaty-jedovnice.cz\/wp-content\/uploads\/2024\/06\/Chata-Koala-1-2024-Hl-1-1536x1024.jpg 1536w, https:\/\/www.chaty-jedovnice.cz\/wp-content\/uploads\/2024\/06\/Chata-Koala-1-2024-Hl-1-2048x1365.jpg 2048w\" sizes=\"(max-width: 1024px) 100vw, 1024px\" \/><\/figure>\n\n\n\n<h3 class=\"wp-block-heading\">Chata Koala<\/h3>\n\n\n\n<p>Chata pro rodiny s d\u011btmi<\/p>\n\n\n\n<div class=\"wp-block-button is-style-outline\"><a class=\"wp-block-button__link wp-element-button\" href=\"https:\/\/www.jedovnice.com\/pronajem-chaty\/medvedi-osada\/chata-koala-1\/\">V\u00edce<\/a><\/div>\n<\/div><\/div>\n\n\n\n<figure class=\"wp-block-image size-large\"><img loading=\"lazy\" decoding=\"async\" width=\"1024\" height=\"768\" src=\"https:\/\/www.chaty-jedovnice.cz\/wp-content\/uploads\/2019\/12\/chaty-jedovnice-001-1024x768.jpg\" alt=\"\" class=\"wp-image-37\" srcset=\"https:\/\/www.chaty-jedovnice.cz\/wp-content\/uploads\/2019\/12\/chaty-jedovnice-001-1024x768.jpg 1024w, https:\/\/www.chaty-jedovnice.cz\/wp-content\/uploads\/2019\/12\/chaty-jedovnice-001-300x225.jpg 300w, https:\/\/www.chaty-jedovnice.cz\/wp-content\/uploads\/2019\/12\/chaty-jedovnice-001-768x576.jpg 768w, https:\/\/www.chaty-jedovnice.cz\/wp-content\/uploads\/2019\/12\/chaty-jedovnice-001.jpg 1067w\" sizes=\"(max-width: 1024px) 100vw, 1024px\" \/><\/figure>\n\n\n\n<h2 class=\"wp-block-heading\"><a rel=\"noreferrer noopener\" aria-label=\" V\u00edce  (otev\u0159e se na nov\u00e9 z\u00e1lo\u017ece)\" href=\"https:\/\/www.jedovnice.com\/pronajem-chaty\/medvedi-osada\/chata-baribal\/\" target=\"_blank\"> Chata Baribal<\/a><\/h2>\n\n\n\n<blockquote class=\"wp-block-quote is-layout-flow wp-block-quote-is-layout-flow\">\n<p>Dovolen\u00e1 v chat\u011b<\/p>\n<\/blockquote>\n<\/div>\n\n\n\n<div class=\"wp-block-column is-layout-flow wp-block-column-is-layout-flow\">\n<div class=\"wp-block-group\"><div class=\"wp-block-group__inner-container is-layout-flow wp-block-group-is-layout-flow\">\n<figure class=\"wp-block-image alignfull size-large\"><img loading=\"lazy\" decoding=\"async\" width=\"1024\" height=\"683\" src=\"https:\/\/www.chaty-jedovnice.cz\/wp-content\/uploads\/2024\/06\/Chata-Meda-1-2024-Hl-3-1024x683.jpg\" alt=\"\" class=\"wp-image-199\" srcset=\"https:\/\/www.chaty-jedovnice.cz\/wp-content\/uploads\/2024\/06\/Chata-Meda-1-2024-Hl-3-1024x683.jpg 1024w, https:\/\/www.chaty-jedovnice.cz\/wp-content\/uploads\/2024\/06\/Chata-Meda-1-2024-Hl-3-300x200.jpg 300w, https:\/\/www.chaty-jedovnice.cz\/wp-content\/uploads\/2024\/06\/Chata-Meda-1-2024-Hl-3-768x512.jpg 768w, https:\/\/www.chaty-jedovnice.cz\/wp-content\/uploads\/2024\/06\/Chata-Meda-1-2024-Hl-3-1536x1024.jpg 1536w, https:\/\/www.chaty-jedovnice.cz\/wp-content\/uploads\/2024\/06\/Chata-Meda-1-2024-Hl-3-2048x1365.jpg 2048w\" sizes=\"(max-width: 1024px) 100vw, 1024px\" \/><\/figure>\n\n\n\n<h3 class=\"wp-block-heading\">Chata M\u00e9\u010fa<\/h3>\n\n\n\n<blockquote class=\"wp-block-quote is-layout-flow wp-block-quote-is-layout-flow\">\n<p>Dovolen\u00e1 Ji\u017en\u00ed Morava<\/p>\n\n\n\n<p><\/p>\n<\/blockquote>\n\n\n\n<div class=\"wp-block-button is-style-outline\"><a class=\"wp-block-button__link wp-element-button\" href=\"https:\/\/www.jedovnice.com\/pronajem-chaty\/medvedi-osada\/chata-meda-1\/\">V\u00edce<\/a><\/div>\n<\/div><\/div>\n\n\n\n<div class=\"wp-block-group\"><div class=\"wp-block-group__inner-container is-layout-flow wp-block-group-is-layout-flow\">\n<figure class=\"wp-block-image alignfull size-large\"><img loading=\"lazy\" decoding=\"async\" width=\"1024\" height=\"683\" src=\"https:\/\/www.chaty-jedovnice.cz\/wp-content\/uploads\/2024\/06\/Chata-Brtnik-2-2024-Hl-2-1024x683.jpg\" alt=\"\" class=\"wp-image-187\" srcset=\"https:\/\/www.chaty-jedovnice.cz\/wp-content\/uploads\/2024\/06\/Chata-Brtnik-2-2024-Hl-2-1024x683.jpg 1024w, https:\/\/www.chaty-jedovnice.cz\/wp-content\/uploads\/2024\/06\/Chata-Brtnik-2-2024-Hl-2-300x200.jpg 300w, https:\/\/www.chaty-jedovnice.cz\/wp-content\/uploads\/2024\/06\/Chata-Brtnik-2-2024-Hl-2-768x512.jpg 768w, https:\/\/www.chaty-jedovnice.cz\/wp-content\/uploads\/2024\/06\/Chata-Brtnik-2-2024-Hl-2-1536x1024.jpg 1536w, https:\/\/www.chaty-jedovnice.cz\/wp-content\/uploads\/2024\/06\/Chata-Brtnik-2-2024-Hl-2-2048x1365.jpg 2048w\" sizes=\"(max-width: 1024px) 100vw, 1024px\" \/><\/figure>\n\n\n\n<h3 class=\"wp-block-heading\">Chata Brtn\u00edk<\/h3>\n\n\n\n<blockquote class=\"wp-block-quote is-layout-flow wp-block-quote-is-layout-flow\">\n<p>Levn\u00e1 letn\u00ed dovolen\u00e1<\/p>\n\n\n\n<p><\/p>\n<\/blockquote>\n\n\n\n<div class=\"wp-block-button is-style-outline\"><a class=\"wp-block-button__link wp-element-button\" href=\"https:\/\/www.jedovnice.com\/pronajem-chaty\/medvedi-osada\/chata-brtnik-1\/\">V\u00edce<\/a><\/div>\n<\/div><\/div>\n\n\n\nngg_shortcode_0_placeholder\n<\/div>\n<\/div>\n\n\n\n<figure class=\"wp-block-image alignfull size-large is-style-circle-mask\"><img loading=\"lazy\" decoding=\"async\" width=\"1024\" height=\"683\" src=\"https:\/\/www.chaty-jedovnice.cz\/wp-content\/uploads\/2019\/12\/chaty-jedovnice-042-1024x683.jpg\" alt=\"\" class=\"wp-image-78\" srcset=\"https:\/\/www.chaty-jedovnice.cz\/wp-content\/uploads\/2019\/12\/chaty-jedovnice-042-1024x683.jpg 1024w, https:\/\/www.chaty-jedovnice.cz\/wp-content\/uploads\/2019\/12\/chaty-jedovnice-042-300x200.jpg 300w, https:\/\/www.chaty-jedovnice.cz\/wp-content\/uploads\/2019\/12\/chaty-jedovnice-042-768x512.jpg 768w, https:\/\/www.chaty-jedovnice.cz\/wp-content\/uploads\/2019\/12\/chaty-jedovnice-042.jpg 1199w\" sizes=\"(max-width: 1024px) 100vw, 1024px\" \/><\/figure>\n\n\n\n<div class=\"wp-block-group alignwide\"><div class=\"wp-block-group__inner-container is-layout-flow wp-block-group-is-layout-flow\">\n<h2 class=\"wp-block-heading has-text-align-center has-accent-color has-text-color\">Ubytov\u00e1n\u00ed v Jedovnic\u00edch<\/h2>\n\n\n\n<p class=\"has-text-align-center\"><strong>Ubytov\u00e1n\u00ed v Moravsk\u00e9m Krasu<\/strong><\/p>\n<\/div><\/div>\n\n\n\n<p class=\"has-drop-cap\"> Jedovnice je jednou ze vstupn\u00edch bran do Moravsk\u00e9ho krasu, oblasti s  n\u00e1dhernou p\u0159\u00edrodou, atraktivn\u00edmi jeskyn\u011bmi a propast\u00ed Macocha. Rybn\u00edk  Ol\u0161ovec znaj\u00ed v\u0161ichni milovn\u00edci letn\u00ed rekreace a vodn\u00edch sport\u016f, okoln\u00ed  lesy protk\u00e1v\u00e1 s\u00ed\u0165 obl\u00edben\u00fdch singletrail\u016f. <\/p>\n\n\n\n<p><strong>M\u011bstys Jedovnice<\/strong> le\u017e\u00ed asi 25 km od jihomoravsk\u00e9 metropole Brna, v t\u011bsn\u00e9 bl\u00edzkosti m\u011bsta Blanska. Okoln\u00ed lesy p\u0159\u00edrodn\u00edho parku tvo\u0159\u00ed <strong>vstupn\u00ed br\u00e1nu do <a href=\"http:\/\/www.jizni-morava.cz\/objekt\/35284-chko-moravsky-kras\">Moravsk\u00e9ho krasu.<\/a><\/strong>  Vzhledem k zem\u011bpisn\u00e9 poloze a neoby\u010dejn\u00e9 \u0161t\u011bdrosti p\u0159\u00edrody jsou  Jedovnice v\u00fdznamn\u00fdm st\u0159ediskem rekreace, turistiky a vodn\u00edch sport\u016f. <\/p>\n\n\n\n<p>Z historick\u00fdch pam\u00e1tek a turistick\u00fdch <strong>zaj\u00edmavost\u00ed<\/strong> se v m\u011bstysu <strong>Jedovnice<\/strong>\n nach\u00e1z\u00ed klasicistn\u00ed kostel sv. Petra a Pavla z let 1783\u20131785 a fara r \nroku 1781. Jedovnick\u00fd kostel je modern\u00ed u\u010debnic\u00ed sakr\u00e1ln\u00edho um\u011bn\u00ed konce \n20. stolet\u00ed. Tehdej\u0161\u00ed far\u00e1\u0159 P. Franti\u0161ek Vav\u0159\u00ed\u010dek povolal v t\u00e9 dob\u011b \nnezn\u00e1m\u00e9 um\u011blce Mikol\u00e1\u0161e Medka, Jana Koblasu a Josefa Istlera, aby \nmodern\u011b vyzdobili interi\u00e9r jedovnick\u00e9ho kostela.<\/p>\n\n\n\n<p>D\u00e1le jsou tu dva kamenn\u00e9 k\u0159\u00ed\u017ee, jeden je u kostela (z roku 1800) a \ndruh\u00fd v Chaloupk\u00e1ch (z roku 1801), socha sv. Jana Nepomuck\u00e9ho z roku \n1717.<\/p>\n\n\n\n<div class=\"wp-block-group alignwide has-background\" style=\"background-color:#ffffff\"><div class=\"wp-block-group__inner-container is-layout-flow wp-block-group-is-layout-flow\">\n<div class=\"wp-block-group\"><div class=\"wp-block-group__inner-container is-layout-flow wp-block-group-is-layout-flow\">\n<h2 class=\"wp-block-heading has-text-align-center\">Objednejte si chatu na letn\u00ed dovolenou v \u010cesku <\/h2>\n\n\n\n<p class=\"has-text-align-center\">Pouh\u00fdm kliknut\u00edm<\/p>\n\n\n\n<div class=\"wp-block-button aligncenter\"><a class=\"wp-block-button__link wp-element-button\" href=\"https:\/\/www.jedovnice.com\">chhaty k pronajmut\u00ed<\/a><\/div>\n<\/div><\/div>\n<\/div><\/div>\n\n\n\n<figure class=\"wp-block-gallery alignwide has-nested-images columns-default is-cropped wp-block-gallery-1 is-layout-flex wp-block-gallery-is-layout-flex\">\n<figure class=\"wp-block-image size-large\"><img loading=\"lazy\" decoding=\"async\" width=\"1024\" height=\"683\" data-id=\"48\" src=\"https:\/\/www.chaty-jedovnice.cz\/wp-content\/uploads\/2019\/12\/chaty-jedovnice-012-1024x683.jpg\" alt=\"\" class=\"wp-image-48\" srcset=\"https:\/\/www.chaty-jedovnice.cz\/wp-content\/uploads\/2019\/12\/chaty-jedovnice-012-1024x683.jpg 1024w, https:\/\/www.chaty-jedovnice.cz\/wp-content\/uploads\/2019\/12\/chaty-jedovnice-012-300x200.jpg 300w, https:\/\/www.chaty-jedovnice.cz\/wp-content\/uploads\/2019\/12\/chaty-jedovnice-012-768x512.jpg 768w, https:\/\/www.chaty-jedovnice.cz\/wp-content\/uploads\/2019\/12\/chaty-jedovnice-012.jpg 1199w\" sizes=\"(max-width: 1024px) 100vw, 1024px\" \/><\/figure>\n\n\n\n<figure class=\"wp-block-image size-large\"><img loading=\"lazy\" decoding=\"async\" width=\"1024\" height=\"683\" data-id=\"51\" src=\"https:\/\/www.chaty-jedovnice.cz\/wp-content\/uploads\/2019\/12\/chaty-jedovnice-015-1024x683.jpg\" alt=\"\" class=\"wp-image-51\" srcset=\"https:\/\/www.chaty-jedovnice.cz\/wp-content\/uploads\/2019\/12\/chaty-jedovnice-015-1024x683.jpg 1024w, https:\/\/www.chaty-jedovnice.cz\/wp-content\/uploads\/2019\/12\/chaty-jedovnice-015-300x200.jpg 300w, https:\/\/www.chaty-jedovnice.cz\/wp-content\/uploads\/2019\/12\/chaty-jedovnice-015-768x512.jpg 768w, https:\/\/www.chaty-jedovnice.cz\/wp-content\/uploads\/2019\/12\/chaty-jedovnice-015.jpg 1199w\" sizes=\"(max-width: 1024px) 100vw, 1024px\" \/><\/figure>\n\n\n\n<figure class=\"wp-block-image size-large\"><img loading=\"lazy\" decoding=\"async\" width=\"1024\" height=\"683\" data-id=\"50\" src=\"https:\/\/www.chaty-jedovnice.cz\/wp-content\/uploads\/2019\/12\/chaty-jedovnice-014-1024x683.jpg\" alt=\"\" class=\"wp-image-50\" srcset=\"https:\/\/www.chaty-jedovnice.cz\/wp-content\/uploads\/2019\/12\/chaty-jedovnice-014-1024x683.jpg 1024w, https:\/\/www.chaty-jedovnice.cz\/wp-content\/uploads\/2019\/12\/chaty-jedovnice-014-300x200.jpg 300w, https:\/\/www.chaty-jedovnice.cz\/wp-content\/uploads\/2019\/12\/chaty-jedovnice-014-768x512.jpg 768w, https:\/\/www.chaty-jedovnice.cz\/wp-content\/uploads\/2019\/12\/chaty-jedovnice-014.jpg 1199w\" sizes=\"(max-width: 1024px) 100vw, 1024px\" \/><\/figure>\n\n\n\n<figure class=\"wp-block-image size-large\"><img loading=\"lazy\" decoding=\"async\" width=\"1024\" height=\"683\" data-id=\"56\" src=\"https:\/\/www.chaty-jedovnice.cz\/wp-content\/uploads\/2019\/12\/chaty-jedovnice-020-1024x683.jpg\" alt=\"\" class=\"wp-image-56\" srcset=\"https:\/\/www.chaty-jedovnice.cz\/wp-content\/uploads\/2019\/12\/chaty-jedovnice-020-1024x683.jpg 1024w, https:\/\/www.chaty-jedovnice.cz\/wp-content\/uploads\/2019\/12\/chaty-jedovnice-020-300x200.jpg 300w, https:\/\/www.chaty-jedovnice.cz\/wp-content\/uploads\/2019\/12\/chaty-jedovnice-020-768x512.jpg 768w, https:\/\/www.chaty-jedovnice.cz\/wp-content\/uploads\/2019\/12\/chaty-jedovnice-020.jpg 1199w\" sizes=\"(max-width: 1024px) 100vw, 1024px\" \/><\/figure>\n\n\n\n<figure class=\"wp-block-image size-large\"><img loading=\"lazy\" decoding=\"async\" width=\"1024\" height=\"683\" data-id=\"64\" src=\"https:\/\/www.chaty-jedovnice.cz\/wp-content\/uploads\/2019\/12\/chaty-jedovnice-028-1024x683.jpg\" alt=\"\" class=\"wp-image-64\" srcset=\"https:\/\/www.chaty-jedovnice.cz\/wp-content\/uploads\/2019\/12\/chaty-jedovnice-028-1024x683.jpg 1024w, https:\/\/www.chaty-jedovnice.cz\/wp-content\/uploads\/2019\/12\/chaty-jedovnice-028-300x200.jpg 300w, https:\/\/www.chaty-jedovnice.cz\/wp-content\/uploads\/2019\/12\/chaty-jedovnice-028-768x512.jpg 768w, https:\/\/www.chaty-jedovnice.cz\/wp-content\/uploads\/2019\/12\/chaty-jedovnice-028.jpg 1199w\" sizes=\"(max-width: 1024px) 100vw, 1024px\" \/><\/figure>\n\n\n\n<figure class=\"wp-block-image size-large\"><img loading=\"lazy\" decoding=\"async\" width=\"1024\" height=\"683\" data-id=\"47\" src=\"https:\/\/www.chaty-jedovnice.cz\/wp-content\/uploads\/2019\/12\/chaty-jedovnice-011-1024x683.jpg\" alt=\"\" class=\"wp-image-47\" srcset=\"https:\/\/www.chaty-jedovnice.cz\/wp-content\/uploads\/2019\/12\/chaty-jedovnice-011-1024x683.jpg 1024w, https:\/\/www.chaty-jedovnice.cz\/wp-content\/uploads\/2019\/12\/chaty-jedovnice-011-300x200.jpg 300w, https:\/\/www.chaty-jedovnice.cz\/wp-content\/uploads\/2019\/12\/chaty-jedovnice-011-768x512.jpg 768w, https:\/\/www.chaty-jedovnice.cz\/wp-content\/uploads\/2019\/12\/chaty-jedovnice-011.jpg 1199w\" sizes=\"(max-width: 1024px) 100vw, 1024px\" \/><\/figure>\n\n\n\n<figure class=\"wp-block-image size-large\"><img loading=\"lazy\" decoding=\"async\" width=\"1024\" height=\"683\" data-id=\"189\" src=\"https:\/\/www.chaty-jedovnice.cz\/wp-content\/uploads\/2024\/06\/Chata-Gryzzli-1-2024-Hl-1-1024x683.jpg\" alt=\"\" class=\"wp-image-189\" srcset=\"https:\/\/www.chaty-jedovnice.cz\/wp-content\/uploads\/2024\/06\/Chata-Gryzzli-1-2024-Hl-1-1024x683.jpg 1024w, https:\/\/www.chaty-jedovnice.cz\/wp-content\/uploads\/2024\/06\/Chata-Gryzzli-1-2024-Hl-1-300x200.jpg 300w, https:\/\/www.chaty-jedovnice.cz\/wp-content\/uploads\/2024\/06\/Chata-Gryzzli-1-2024-Hl-1-768x512.jpg 768w, https:\/\/www.chaty-jedovnice.cz\/wp-content\/uploads\/2024\/06\/Chata-Gryzzli-1-2024-Hl-1-1536x1024.jpg 1536w, https:\/\/www.chaty-jedovnice.cz\/wp-content\/uploads\/2024\/06\/Chata-Gryzzli-1-2024-Hl-1-2048x1365.jpg 2048w\" sizes=\"(max-width: 1024px) 100vw, 1024px\" \/><\/figure>\n\n\n\n<figure class=\"wp-block-image size-large\"><img loading=\"lazy\" decoding=\"async\" width=\"1024\" height=\"683\" data-id=\"196\" src=\"https:\/\/www.chaty-jedovnice.cz\/wp-content\/uploads\/2024\/06\/Chata-Koala-2-2024-Hl-3-1024x683.jpg\" alt=\"\" class=\"wp-image-196\" srcset=\"https:\/\/www.chaty-jedovnice.cz\/wp-content\/uploads\/2024\/06\/Chata-Koala-2-2024-Hl-3-1024x683.jpg 1024w, https:\/\/www.chaty-jedovnice.cz\/wp-content\/uploads\/2024\/06\/Chata-Koala-2-2024-Hl-3-300x200.jpg 300w, https:\/\/www.chaty-jedovnice.cz\/wp-content\/uploads\/2024\/06\/Chata-Koala-2-2024-Hl-3-768x512.jpg 768w, https:\/\/www.chaty-jedovnice.cz\/wp-content\/uploads\/2024\/06\/Chata-Koala-2-2024-Hl-3-1536x1024.jpg 1536w, https:\/\/www.chaty-jedovnice.cz\/wp-content\/uploads\/2024\/06\/Chata-Koala-2-2024-Hl-3-2048x1365.jpg 2048w\" sizes=\"(max-width: 1024px) 100vw, 1024px\" \/><\/figure>\n<\/figure>\n","protected":false},"excerpt":{"rendered":"<p>Nov\u011b zrekonstruovan\u00e1 chatov\u00e1 oblast Medv\u011bd\u00ed Osada, podl\u00ed\u017ee m\u011bsta, rybn\u00edka a ve\u0161ker\u00e1ho d\u011bn\u00ed, nab\u00edz\u00ed mo\u017enost levn\u00e9 letn\u00ed dovolen\u00e9 v \u010cR pro rodiny s d\u011btmi i se psem. Chata Grizzly Levn\u00e1 dovolen\u00e1 v \u010cR Chata Koala Chata pro rodiny s d\u011btmi Chata Baribal Dovolen\u00e1 v chat\u011b Chata M\u00e9\u010fa Dovolen\u00e1 Ji\u017en\u00ed Morava Chata Brtn\u00edk Levn\u00e1 letn\u00ed dovolen\u00e1 Ubytov\u00e1n\u00ed [&hellip;]<\/p>\n","protected":false},"author":1,"featured_media":5,"parent":0,"menu_order":0,"comment_status":"closed","ping_status":"closed","template":"","meta":{"ngg_post_thumbnail":0,"footnotes":""},"yoast_head":"<!-- This site is optimized with the Yoast SEO plugin v22.8 - https:\/\/yoast.com\/wordpress\/plugins\/seo\/ -->\n<title>CHATY JEDOVNICE NA LETN\u00cd DOVOLENOU - chaty-jedovnice<\/title>\n<meta name=\"robots\" content=\"index, follow, max-snippet:-1, max-image-preview:large, max-video-preview:-1\" \/>\n<link rel=\"canonical\" href=\"https:\/\/www.chaty-jedovnice.cz\/\" \/>\n<meta property=\"og:locale\" content=\"cs_CZ\" \/>\n<meta property=\"og:type\" content=\"article\" \/>\n<meta property=\"og:title\" content=\"CHATY JEDOVNICE NA LETN\u00cd DOVOLENOU - chaty-jedovnice\" \/>\n<meta property=\"og:description\" content=\"Nov\u011b zrekonstruovan\u00e1 chatov\u00e1 oblast Medv\u011bd\u00ed Osada, podl\u00ed\u017ee m\u011bsta, rybn\u00edka a ve\u0161ker\u00e1ho d\u011bn\u00ed, nab\u00edz\u00ed mo\u017enost levn\u00e9 letn\u00ed dovolen\u00e9 v \u010cR pro rodiny s d\u011btmi i se psem. Chata Grizzly Levn\u00e1 dovolen\u00e1 v \u010cR Chata Koala Chata pro rodiny s d\u011btmi Chata Baribal Dovolen\u00e1 v chat\u011b Chata M\u00e9\u010fa Dovolen\u00e1 Ji\u017en\u00ed Morava Chata Brtn\u00edk Levn\u00e1 letn\u00ed dovolen\u00e1 Ubytov\u00e1n\u00ed [&hellip;]\" \/>\n<meta property=\"og:url\" content=\"https:\/\/www.chaty-jedovnice.cz\/\" \/>\n<meta property=\"og:site_name\" content=\"chaty-jedovnice\" \/>\n<meta property=\"article:modified_time\" content=\"2024-06-15T15:20:18+00:00\" \/>\n<meta property=\"og:image\" content=\"https:\/\/www.chaty-jedovnice.cz\/wp-content\/uploads\/2019\/12\/2020-landscape-1.png\" \/>\n\t<meta property=\"og:image:width\" content=\"1200\" \/>\n\t<meta property=\"og:image:height\" content=\"769\" \/>\n\t<meta property=\"og:image:type\" content=\"image\/png\" \/>\n<meta name=\"twitter:card\" content=\"summary_large_image\" \/>\n<meta name=\"twitter:label1\" content=\"Odhadovan\u00e1 doba \u010dten\u00ed\" \/>\n\t<meta name=\"twitter:data1\" content=\"5 minut\" \/>\n<script type=\"application\/ld+json\" class=\"yoast-schema-graph\">{\"@context\":\"https:\/\/schema.org\",\"@graph\":[{\"@type\":\"WebPage\",\"@id\":\"https:\/\/www.chaty-jedovnice.cz\/\",\"url\":\"https:\/\/www.chaty-jedovnice.cz\/\",\"name\":\"CHATY JEDOVNICE NA LETN\u00cd DOVOLENOU - chaty-jedovnice\",\"isPartOf\":{\"@id\":\"https:\/\/www.chaty-jedovnice.cz\/#website\"},\"primaryImageOfPage\":{\"@id\":\"https:\/\/www.chaty-jedovnice.cz\/#primaryimage\"},\"image\":{\"@id\":\"https:\/\/www.chaty-jedovnice.cz\/#primaryimage\"},\"thumbnailUrl\":\"https:\/\/www.chaty-jedovnice.cz\/wp-content\/uploads\/2019\/12\/2020-landscape-1.png\",\"datePublished\":\"2019-12-23T18:55:35+00:00\",\"dateModified\":\"2024-06-15T15:20:18+00:00\",\"breadcrumb\":{\"@id\":\"https:\/\/www.chaty-jedovnice.cz\/#breadcrumb\"},\"inLanguage\":\"cs\",\"potentialAction\":[{\"@type\":\"ReadAction\",\"target\":[\"https:\/\/www.chaty-jedovnice.cz\/\"]}]},{\"@type\":\"ImageObject\",\"inLanguage\":\"cs\",\"@id\":\"https:\/\/www.chaty-jedovnice.cz\/#primaryimage\",\"url\":\"https:\/\/www.chaty-jedovnice.cz\/wp-content\/uploads\/2019\/12\/2020-landscape-1.png\",\"contentUrl\":\"https:\/\/www.chaty-jedovnice.cz\/wp-content\/uploads\/2019\/12\/2020-landscape-1.png\",\"width\":1200,\"height\":769},{\"@type\":\"BreadcrumbList\",\"@id\":\"https:\/\/www.chaty-jedovnice.cz\/#breadcrumb\",\"itemListElement\":[{\"@type\":\"ListItem\",\"position\":1,\"name\":\"Dom\u016f\",\"item\":\"https:\/\/www.chaty-jedovnice.cz\/\"},{\"@type\":\"ListItem\",\"position\":2,\"name\":\"CHATY JEDOVNICE NA LETN\u00cd DOVOLENOU\"}]},{\"@type\":\"WebSite\",\"@id\":\"https:\/\/www.chaty-jedovnice.cz\/#website\",\"url\":\"https:\/\/www.chaty-jedovnice.cz\/\",\"name\":\"chaty-jedovnice\",\"description\":\"Pron\u00e1jem chat jedovnice\",\"potentialAction\":[{\"@type\":\"SearchAction\",\"target\":{\"@type\":\"EntryPoint\",\"urlTemplate\":\"https:\/\/www.chaty-jedovnice.cz\/?s={search_term_string}\"},\"query-input\":\"required name=search_term_string\"}],\"inLanguage\":\"cs\"}]}<\/script>\n<!-- \/ Yoast SEO plugin. -->","yoast_head_json":{"title":"CHATY JEDOVNICE NA LETN\u00cd DOVOLENOU - chaty-jedovnice","robots":{"index":"index","follow":"follow","max-snippet":"max-snippet:-1","max-image-preview":"max-image-preview:large","max-video-preview":"max-video-preview:-1"},"canonical":"https:\/\/www.chaty-jedovnice.cz\/","og_locale":"cs_CZ","og_type":"article","og_title":"CHATY JEDOVNICE NA LETN\u00cd DOVOLENOU - chaty-jedovnice","og_description":"Nov\u011b zrekonstruovan\u00e1 chatov\u00e1 oblast Medv\u011bd\u00ed Osada, podl\u00ed\u017ee m\u011bsta, rybn\u00edka a ve\u0161ker\u00e1ho d\u011bn\u00ed, nab\u00edz\u00ed mo\u017enost levn\u00e9 letn\u00ed dovolen\u00e9 v \u010cR pro rodiny s d\u011btmi i se psem. Chata Grizzly Levn\u00e1 dovolen\u00e1 v \u010cR Chata Koala Chata pro rodiny s d\u011btmi Chata Baribal Dovolen\u00e1 v chat\u011b Chata M\u00e9\u010fa Dovolen\u00e1 Ji\u017en\u00ed Morava Chata Brtn\u00edk Levn\u00e1 letn\u00ed dovolen\u00e1 Ubytov\u00e1n\u00ed [&hellip;]","og_url":"https:\/\/www.chaty-jedovnice.cz\/","og_site_name":"chaty-jedovnice","article_modified_time":"2024-06-15T15:20:18+00:00","og_image":[{"width":1200,"height":769,"url":"https:\/\/www.chaty-jedovnice.cz\/wp-content\/uploads\/2019\/12\/2020-landscape-1.png","type":"image\/png"}],"twitter_card":"summary_large_image","twitter_misc":{"Odhadovan\u00e1 doba \u010dten\u00ed":"5 minut"},"schema":{"@context":"https:\/\/schema.org","@graph":[{"@type":"WebPage","@id":"https:\/\/www.chaty-jedovnice.cz\/","url":"https:\/\/www.chaty-jedovnice.cz\/","name":"CHATY JEDOVNICE NA LETN\u00cd DOVOLENOU - chaty-jedovnice","isPartOf":{"@id":"https:\/\/www.chaty-jedovnice.cz\/#website"},"primaryImageOfPage":{"@id":"https:\/\/www.chaty-jedovnice.cz\/#primaryimage"},"image":{"@id":"https:\/\/www.chaty-jedovnice.cz\/#primaryimage"},"thumbnailUrl":"https:\/\/www.chaty-jedovnice.cz\/wp-content\/uploads\/2019\/12\/2020-landscape-1.png","datePublished":"2019-12-23T18:55:35+00:00","dateModified":"2024-06-15T15:20:18+00:00","breadcrumb":{"@id":"https:\/\/www.chaty-jedovnice.cz\/#breadcrumb"},"inLanguage":"cs","potentialAction":[{"@type":"ReadAction","target":["https:\/\/www.chaty-jedovnice.cz\/"]}]},{"@type":"ImageObject","inLanguage":"cs","@id":"https:\/\/www.chaty-jedovnice.cz\/#primaryimage","url":"https:\/\/www.chaty-jedovnice.cz\/wp-content\/uploads\/2019\/12\/2020-landscape-1.png","contentUrl":"https:\/\/www.chaty-jedovnice.cz\/wp-content\/uploads\/2019\/12\/2020-landscape-1.png","width":1200,"height":769},{"@type":"BreadcrumbList","@id":"https:\/\/www.chaty-jedovnice.cz\/#breadcrumb","itemListElement":[{"@type":"ListItem","position":1,"name":"Dom\u016f","item":"https:\/\/www.chaty-jedovnice.cz\/"},{"@type":"ListItem","position":2,"name":"CHATY JEDOVNICE NA LETN\u00cd DOVOLENOU"}]},{"@type":"WebSite","@id":"https:\/\/www.chaty-jedovnice.cz\/#website","url":"https:\/\/www.chaty-jedovnice.cz\/","name":"chaty-jedovnice","description":"Pron\u00e1jem chat jedovnice","potentialAction":[{"@type":"SearchAction","target":{"@type":"EntryPoint","urlTemplate":"https:\/\/www.chaty-jedovnice.cz\/?s={search_term_string}"},"query-input":"required name=search_term_string"}],"inLanguage":"cs"}]}},"_links":{"self":[{"href":"https:\/\/www.chaty-jedovnice.cz\/index.php\/wp-json\/wp\/v2\/pages\/6"}],"collection":[{"href":"https:\/\/www.chaty-jedovnice.cz\/index.php\/wp-json\/wp\/v2\/pages"}],"about":[{"href":"https:\/\/www.chaty-jedovnice.cz\/index.php\/wp-json\/wp\/v2\/types\/page"}],"author":[{"embeddable":true,"href":"https:\/\/www.chaty-jedovnice.cz\/index.php\/wp-json\/wp\/v2\/users\/1"}],"replies":[{"embeddable":true,"href":"https:\/\/www.chaty-jedovnice.cz\/index.php\/wp-json\/wp\/v2\/comments?post=6"}],"version-history":[{"count":16,"href":"https:\/\/www.chaty-jedovnice.cz\/index.php\/wp-json\/wp\/v2\/pages\/6\/revisions"}],"predecessor-version":[{"id":203,"href":"https:\/\/www.chaty-jedovnice.cz\/index.php\/wp-json\/wp\/v2\/pages\/6\/revisions\/203"}],"wp:featuredmedia":[{"embeddable":true,"href":"https:\/\/www.chaty-jedovnice.cz\/index.php\/wp-json\/wp\/v2\/media\/5"}],"wp:attachment":[{"href":"https:\/\/www.chaty-jedovnice.cz\/index.php\/wp-json\/wp\/v2\/media?parent=6"}],"curies":[{"name":"wp","href":"https:\/\/api.w.org\/{rel}","templated":true}]}}